{"id":809,"date":"2021-11-10T17:03:52","date_gmt":"2021-11-10T16:03:52","guid":{"rendered":"https:\/\/etudesopinion.fr\/?page_id=809"},"modified":"2021-11-24T20:09:56","modified_gmt":"2021-11-24T19:09:56","slug":"desk-research-research-on-research","status":"publish","type":"page","link":"https:\/\/etudesopinion.fr\/?page_id=809","title":{"rendered":"Desk-research \/ Assistance r\u00e9dactionnelle"},"content":{"rendered":"\n<p class=\"has-drop-cap has-normal-font-size\">Travaux de <strong>recherche et d&rsquo;analyse sur les donn\u00e9es publiques (open-data) et la multitude d&rsquo;enqu\u00eates et d&rsquo;\u00e9tudes publi\u00e9es en France et \u00e0 l&rsquo;\u00e9tranger<\/strong>. <strong>Assistance r\u00e9dactionnelle pour la valorisation et la communication des r\u00e9sultats d&rsquo;une \u00e9tude<\/strong>, d\u00e9clin\u00e9s \u00e0 diff\u00e9rents supports : communiqu\u00e9s de presse, thread twitter, posts Linkedin, etc.<\/p>\n\n\n\n<p class=\"has-normal-font-size\">Sur n&rsquo;importe quel th\u00e9matique, le nombre d&rsquo;\u00e9tudes publi\u00e9es en France et \u00e0 l&rsquo;\u00e9tranger et la masse de donn\u00e9es disponibles en open-data sont impressionnants. Pour d\u00e9fricher un sujet, affiner une probl\u00e9matique, \u00e9tudier des tendances, \u00e9tablir des comparaisons internationales, internet constitue une biblioth\u00e8que de ressources in\u00e9puisable. Encore faut-il savoir chercher, trier le bon grain de l&rsquo;ivraie, parvenir \u00e0 exploiter des donn\u00e9es aux formats disparates, r\u00e9aliser un travail de synth\u00e8se que l&rsquo;h\u00e9t\u00e9rog\u00e9n\u00e9it\u00e9 des sources rend souvent difficile.<\/p>\n\n\n\n<p class=\"has-normal-font-size\">Au Fil, ce travail de <strong>desk-research<\/strong> est r\u00e9alis\u00e9 dans le cadre de nos prestations de <strong>conseil en strat\u00e9gie d&rsquo;opinion<\/strong>, pour des prises de <strong>parole \u00ab\u00a0experts\u00a0\u00bb<\/strong>, pour accompagner nos clients sur certains <strong>appels d&rsquo;offres<\/strong>, et syst\u00e9matiquement en amont des enqu\u00eates que nous r\u00e9alisons, pour mieux cibler la probl\u00e9matique et trouver des r\u00e9f\u00e9rences fran\u00e7aises et internationales tr\u00e8s utiles \u00e0 l&rsquo;\u00e9laboration des <strong>questionnaires<\/strong>. Il arrive d&rsquo;ailleurs que ce travail de desk-research se suffise \u00e0 lui-m\u00eame et apporte l&rsquo;\u00e9clairage recherch\u00e9, sans que l&rsquo;on soit oblig\u00e9 de r\u00e9aliser en plus l&rsquo;\u00e9tude ad-hoc.<\/p>\n\n\n\n<p class=\"has-normal-font-size\">En aval d&rsquo;une enqu\u00eate, que nous l&rsquo;ayons r\u00e9alis\u00e9e ou non, les missions \u00ab\u00a0<strong>research on research<\/strong>\u00a0\u00bb consistent \u00e0 <strong>approfondir l&rsquo;analyse<\/strong> sur les r\u00e9sultats d\u00e9taill\u00e9s, les ventilations par crit\u00e8res socio-demographiques, pour des focus sur une probl\u00e9matique particuli\u00e8re. Nous travaillons aussi sur la <strong>valorisation et la communication des r\u00e9sultats <\/strong>d&rsquo;une \u00e9tude, par des prestations d&rsquo;assistance r\u00e9dactionnelle : r\u00e9daction de notes de synth\u00e8se \u00e0 partir du rapport d&rsquo;enqu\u00eate et\/ou des listings, d\u00e9clinaison de notes th\u00e9matiques pour une m\u00eame \u00e9tude (notes \u00ab\u00a0pays\u00a0\u00bb pour une enqu\u00eate internationale, focus sur une CSP, sur la proximit\u00e9 partisane\u2026), communiqu\u00e9s et articles de presse, \u00e9criture web (contenus sites, thread twitter, posts Linkedin\u2026).<\/p>\n\n\n\n<pre class=\"wp-block-preformatted\"><\/pre>\n","protected":false},"excerpt":{"rendered":"<p>Travaux de recherche et d&rsquo;analyse sur les donn\u00e9es publiques (open-data) et les enqu\u00eates publi\u00e9es en France et \u00e0 l&rsquo;\u00e9tranger. Assistance r\u00e9dactionnelle pour la valorisation et la communication des r\u00e9sultats d&rsquo;\u00e9tudes. Rapports, articles et communiqu\u00e9s de presse, parole d&rsquo;expert.<\/p>\n","protected":false},"author":1,"featured_media":0,"parent":0,"menu_order":0,"comment_status":"closed","ping_status":"closed","template":"template-fullwidth.php","meta":{"footnotes":""},"class_list":["post-809","page","type-page","status-publish","hentry"],"_links":{"self":[{"href":"https:\/\/etudesopinion.fr\/index.php?rest_route=\/wp\/v2\/pages\/809","targetHints":{"allow":["GET"]}}],"collection":[{"href":"https:\/\/etudesopinion.fr\/index.php?rest_route=\/wp\/v2\/pages"}],"about":[{"href":"https:\/\/etudesopinion.fr\/index.php?rest_route=\/wp\/v2\/types\/page"}],"author":[{"embeddable":true,"href":"https:\/\/etudesopinion.fr\/index.php?rest_route=\/wp\/v2\/users\/1"}],"replies":[{"embeddable":true,"href":"https:\/\/etudesopinion.fr\/index.php?rest_route=%2Fwp%2Fv2%2Fcomments&post=809"}],"version-history":[{"count":9,"href":"https:\/\/etudesopinion.fr\/index.php?rest_route=\/wp\/v2\/pages\/809\/revisions"}],"predecessor-version":[{"id":1046,"href":"https:\/\/etudesopinion.fr\/index.php?rest_route=\/wp\/v2\/pages\/809\/revisions\/1046"}],"wp:attachment":[{"href":"https:\/\/etudesopinion.fr\/index.php?rest_route=%2Fwp%2Fv2%2Fmedia&parent=809"}],"curies":[{"name":"wp","href":"https:\/\/api.w.org\/{rel}","templated":true}]}}